{"id":25319,"date":"2022-05-31T15:14:52","date_gmt":"2022-05-31T15:14:52","guid":{"rendered":"https:\/\/corebe.org.ar.vxsct4609.avnam.net\/?page_id=25319"},"modified":"2022-09-12T12:57:46","modified_gmt":"2022-09-12T12:57:46","slug":"hydro-bid","status":"publish","type":"page","link":"https:\/\/corebe.org.ar\/web2022\/hydro-bid\/","title":{"rendered":"Hydro-BID"},"content":{"rendered":"<p>[vc_row css=\u00bb.vc_custom_1648645086471{margin-top: 0px !important;margin-bottom: 0px !important;}\u00bb][vc_column]<div id=\"fullwidth-block-69d4f313e6883\" class=\"fullwidth-block clearfix\"  style=\"background-color: #f0f3f2;padding-top: 40px;padding-bottom: 40px;\"><script type=\"text\/javascript\">if (typeof(gem_fix_fullwidth_position) == \"function\") { gem_fix_fullwidth_position(document.getElementById(\"fullwidth-block-69d4f313e6883\")); }<\/script><div class=\"fullwidth-block-inner\"><div class=\"container\">[vc_column_text css_animation=\u00bbbottom-to-top\u00bb]<\/p>\n<h2 style=\"text-align: center;\"><span style=\"color: #367342;\">Hydro <\/span><span class=\"light\"><span style=\"color: #a41709;\">BID<\/span><\/span><\/h2>\n<p>[\/vc_column_text]<div class=\"clearboth\"><\/div><div class=\"gem-divider \" style=\"margin-top: 40px;\"><\/div>[vc_column_text]<a title=\"Parte hidrol\u00f3gico diario\" href=\"http:\/\/sp.hydrobidlac.org\/\" target=\"_blank\" rel=\"noopener\">Pagina Web Hydro-BID<\/a><\/p>\n<p><a href=\"\/web2022\/wp-content\/uploads\/2022\/06\/hydro-bid-nt-1.pdf\" target=\"_blank\" rel=\"noopener\">Nota T\u00e9cnica N\u00ba 1 \u2013 Una Base de Datos de Hidrolog\u00eda Anal\u00edtica para Am\u00e9rica Latina y el Caribe (LAC)<\/a><\/p>\n<p><a href=\"\/web2022\/wp-content\/uploads\/2022\/06\/hydro-bid-nt-2.pdf\" target=\"_blank\" rel=\"noopener\">Nota T\u00e9cnica N\u00ba 2\u00a0\u2013 Un Sistema Integrado de Simulaci\u00f3n de Impactos de Cambio Clim\u00e1tico en los Recursos H\u00eddricos<\/a><\/p>\n<p><a href=\"\/web2022\/wp-content\/uploads\/2022\/06\/hydro-bid-nt-3.pdf\" target=\"_blank\" rel=\"noopener\">Nota T\u00e9cnica N\u00ba 3 \u2013 Caso de Estudio HydroBID: Un Modelo de Recursos H\u00eddricos de la Cuenca del Rio Grande en Argentina<\/a><\/p>\n<p><strong>Taller de introducci\u00f3n en Modelos de Simulaci\u00f3n para la gesti\u00f3n de Cuencas<\/strong><\/p>\n<ol>\n<li><a href=\"https:\/\/transcripts.gotomeeting.com\/#\/s\/9fa3c014993bc78728d637ef8696d860156e9cccf32d0de1c7118ae249da27ed\" target=\"_blank\" rel=\"noopener\">Video d\u00eda 8 de Octubre de 2020<\/a><\/li>\n<li><a href=\"https:\/\/transcripts.gotomeeting.com\/#\/s\/33df32efc76d4e85e4d5605aec3b170a9e6b52ee4ccae9a51bee25d3ad65ea44\" target=\"_blank\" rel=\"noopener\">Video d\u00eda 9 de Octubre de 2020\u00a0<\/a><\/li>\n<\/ol>\n<p><strong>\u00a0Instalador HydroBID Versi\u00f3n 3.0<\/strong>\u00a0 \u2013<a href=\"http:\/\/corebe.org.ar\/web2015\/HydroBID\/HydroBID3.0_Setup.exe\">\u00a0Descargar<\/a>\u00a0\u2013<\/p>\n<p><a href=\"\/web2022\/wp-content\/uploads\/2022\/06\/hydro-bid-guia-paso-a-paso.pdf\" target=\"_blank\" rel=\"noopener\">Gu\u00eda paso a paso<\/a>\u00a0(Versi\u00f3n Preliminar)<\/p>\n<p><strong>Tercer Encuentro de la Comunidad de Practica HydroBID (ECOP) 2020<\/strong><\/p>\n<ol>\n<li><a href=\"https:\/\/youtu.be\/tT2GIhoejVI\">Video 3 de Noviembre de 2020<\/a><\/li>\n<li><a href=\"https:\/\/youtu.be\/SiXzhRrum5M\">Video 4 de Noviembre de 2020<\/a><\/li>\n<\/ol>\n<p><b><a href=\"https:\/\/www.dropbox.com\/s\/ifbm7wmxmz2k3wc\/ExampleProjects.zip?dl=0\" target=\"_blank\" rel=\"noopener\">Documentos actualizados para el Taller de Capacitaci\u00f3n\u00a0HydroBID\u00a0<\/a><\/b><\/p>\n<ol>\n<li><a href=\"https:\/\/www.dropbox.com\/s\/on5oel3fqb5myqs\/Taller%20Introductorio%20HydroBID%203.0.mp4?dl=0\" target=\"_blank\" rel=\"noopener\">Video 30 de Noviembre de 2020<\/a><\/li>\n<li>\u00a0link para que descarguen la AHDTool \u2013\u00a0<a href=\"https:\/\/www.dropbox.com\/s\/g3gt3te7qb94wi3\/AHDTools.zip?dl=0\" target=\"_blank\" rel=\"noopener\">Descargar<\/a><\/li>\n<\/ol>\n<p>Observacion:<\/p>\n<p>Esta es la direcci\u00f3n donde se debe copiar la carpeta AHDTool una vez descomprimida\u00a0C:\\Program Files\\QGIS 2.18\\apps\\qgis\\python\\plugins<\/p>\n<p>Nota: al descomprimir puede ocurrir que se cree una carpeta AHDTool que dentro contiene otra carpeta AHDTool, solo copiar esta \u00faltima carpeta si se copian las 2 el plugin no se cargar\u00e1 en QGIS.[\/vc_column_text]<\/div><\/div><\/div>[\/vc_column][\/vc_row]<\/p>\n","protected":false},"excerpt":{"rendered":"<p>[vc_row css=\u00bb.vc_custom_1648645086471{margin-top: 0px !important;margin-bottom: 0px !important;}\u00bb][vc_column][\/vc_column][\/vc_row]<\/p>\n","protected":false},"author":1,"featured_media":0,"parent":0,"menu_order":0,"comment_status":"closed","ping_status":"closed","template":"","meta":{"footnotes":""},"class_list":["post-25319","page","type-page","status-publish"],"yoast_head":"<!-- This site is optimized with the Yoast SEO plugin v19.6 - https:\/\/yoast.com\/wordpress\/plugins\/seo\/ -->\n<title>Hydro-BID | COREBE<\/title>\n<meta name=\"robots\" content=\"index, follow, max-snippet:-1, max-image-preview:large, max-video-preview:-1\" \/>\n<link rel=\"canonical\" href=\"https:\/\/corebe.org.ar\/web2022\/hydro-bid\/\" \/>\n<meta property=\"og:locale\" content=\"es_ES\" \/>\n<meta property=\"og:type\" content=\"article\" \/>\n<meta property=\"og:title\" content=\"Hydro-BID | COREBE\" \/>\n<meta property=\"og:description\" content=\"[vc_row css=\u00bb.vc_custom_1648645086471{margin-top: 0px !important;margin-bottom: 0px !important;}\u00bb][vc_column][\/vc_column][\/vc_row]\" \/>\n<meta property=\"og:url\" content=\"https:\/\/corebe.org.ar\/web2022\/hydro-bid\/\" \/>\n<meta property=\"og:site_name\" content=\"COREBE\" \/>\n<meta property=\"article:modified_time\" content=\"2022-09-12T12:57:46+00:00\" \/>\n<meta name=\"twitter:card\" content=\"summary_large_image\" \/>\n<meta name=\"twitter:site\" content=\"@COREBE_Bermejo\" \/>\n<meta name=\"twitter:label1\" content=\"Tiempo de lectura\" \/>\n\t<meta name=\"twitter:data1\" content=\"1 minuto\" \/>\n<script type=\"application\/ld+json\" class=\"yoast-schema-graph\">{\"@context\":\"https:\/\/schema.org\",\"@graph\":[{\"@type\":\"WebPage\",\"@id\":\"https:\/\/corebe.org.ar\/web2022\/hydro-bid\/\",\"url\":\"https:\/\/corebe.org.ar\/web2022\/hydro-bid\/\",\"name\":\"Hydro-BID | COREBE\",\"isPartOf\":{\"@id\":\"https:\/\/corebe.org.ar\/web2022\/#website\"},\"datePublished\":\"2022-05-31T15:14:52+00:00\",\"dateModified\":\"2022-09-12T12:57:46+00:00\",\"breadcrumb\":{\"@id\":\"https:\/\/corebe.org.ar\/web2022\/hydro-bid\/#breadcrumb\"},\"inLanguage\":\"es\",\"potentialAction\":[{\"@type\":\"ReadAction\",\"target\":[\"https:\/\/corebe.org.ar\/web2022\/hydro-bid\/\"]}]},{\"@type\":\"BreadcrumbList\",\"@id\":\"https:\/\/corebe.org.ar\/web2022\/hydro-bid\/#breadcrumb\",\"itemListElement\":[{\"@type\":\"ListItem\",\"position\":1,\"name\":\"Portada\",\"item\":\"https:\/\/corebe.org.ar\/web2022\/\"},{\"@type\":\"ListItem\",\"position\":2,\"name\":\"Hydro-BID\"}]},{\"@type\":\"WebSite\",\"@id\":\"https:\/\/corebe.org.ar\/web2022\/#website\",\"url\":\"https:\/\/corebe.org.ar\/web2022\/\",\"name\":\"COREBE\",\"description\":\"Comisi\u00f3n Regional del R\u00edo Bermejo\",\"publisher\":{\"@id\":\"https:\/\/corebe.org.ar\/web2022\/#organization\"},\"potentialAction\":[{\"@type\":\"SearchAction\",\"target\":{\"@type\":\"EntryPoint\",\"urlTemplate\":\"https:\/\/corebe.org.ar\/web2022\/?s={search_term_string}\"},\"query-input\":\"required name=search_term_string\"}],\"inLanguage\":\"es\"},{\"@type\":\"Organization\",\"@id\":\"https:\/\/corebe.org.ar\/web2022\/#organization\",\"name\":\"COREBE\",\"url\":\"https:\/\/corebe.org.ar\/web2022\/\",\"sameAs\":[\"https:\/\/twitter.com\/COREBE_Bermejo\"],\"logo\":{\"@type\":\"ImageObject\",\"inLanguage\":\"es\",\"@id\":\"https:\/\/corebe.org.ar\/web2022\/#\/schema\/logo\/image\/\",\"url\":\"https:\/\/corebe.org.ar\/web2022\/wp-content\/uploads\/2022\/03\/corebe-logo-04.png\",\"contentUrl\":\"https:\/\/corebe.org.ar\/web2022\/wp-content\/uploads\/2022\/03\/corebe-logo-04.png\",\"width\":512,\"height\":512,\"caption\":\"COREBE\"},\"image\":{\"@id\":\"https:\/\/corebe.org.ar\/web2022\/#\/schema\/logo\/image\/\"}}]}<\/script>\n<!-- \/ Yoast SEO plugin. -->","yoast_head_json":{"title":"Hydro-BID | COREBE","robots":{"index":"index","follow":"follow","max-snippet":"max-snippet:-1","max-image-preview":"max-image-preview:large","max-video-preview":"max-video-preview:-1"},"canonical":"https:\/\/corebe.org.ar\/web2022\/hydro-bid\/","og_locale":"es_ES","og_type":"article","og_title":"Hydro-BID | COREBE","og_description":"[vc_row css=\u00bb.vc_custom_1648645086471{margin-top: 0px !important;margin-bottom: 0px !important;}\u00bb][vc_column][\/vc_column][\/vc_row]","og_url":"https:\/\/corebe.org.ar\/web2022\/hydro-bid\/","og_site_name":"COREBE","article_modified_time":"2022-09-12T12:57:46+00:00","twitter_card":"summary_large_image","twitter_site":"@COREBE_Bermejo","twitter_misc":{"Tiempo de lectura":"1 minuto"},"schema":{"@context":"https:\/\/schema.org","@graph":[{"@type":"WebPage","@id":"https:\/\/corebe.org.ar\/web2022\/hydro-bid\/","url":"https:\/\/corebe.org.ar\/web2022\/hydro-bid\/","name":"Hydro-BID | COREBE","isPartOf":{"@id":"https:\/\/corebe.org.ar\/web2022\/#website"},"datePublished":"2022-05-31T15:14:52+00:00","dateModified":"2022-09-12T12:57:46+00:00","breadcrumb":{"@id":"https:\/\/corebe.org.ar\/web2022\/hydro-bid\/#breadcrumb"},"inLanguage":"es","potentialAction":[{"@type":"ReadAction","target":["https:\/\/corebe.org.ar\/web2022\/hydro-bid\/"]}]},{"@type":"BreadcrumbList","@id":"https:\/\/corebe.org.ar\/web2022\/hydro-bid\/#breadcrumb","itemListElement":[{"@type":"ListItem","position":1,"name":"Portada","item":"https:\/\/corebe.org.ar\/web2022\/"},{"@type":"ListItem","position":2,"name":"Hydro-BID"}]},{"@type":"WebSite","@id":"https:\/\/corebe.org.ar\/web2022\/#website","url":"https:\/\/corebe.org.ar\/web2022\/","name":"COREBE","description":"Comisi\u00f3n Regional del R\u00edo Bermejo","publisher":{"@id":"https:\/\/corebe.org.ar\/web2022\/#organization"},"potentialAction":[{"@type":"SearchAction","target":{"@type":"EntryPoint","urlTemplate":"https:\/\/corebe.org.ar\/web2022\/?s={search_term_string}"},"query-input":"required name=search_term_string"}],"inLanguage":"es"},{"@type":"Organization","@id":"https:\/\/corebe.org.ar\/web2022\/#organization","name":"COREBE","url":"https:\/\/corebe.org.ar\/web2022\/","sameAs":["https:\/\/twitter.com\/COREBE_Bermejo"],"logo":{"@type":"ImageObject","inLanguage":"es","@id":"https:\/\/corebe.org.ar\/web2022\/#\/schema\/logo\/image\/","url":"https:\/\/corebe.org.ar\/web2022\/wp-content\/uploads\/2022\/03\/corebe-logo-04.png","contentUrl":"https:\/\/corebe.org.ar\/web2022\/wp-content\/uploads\/2022\/03\/corebe-logo-04.png","width":512,"height":512,"caption":"COREBE"},"image":{"@id":"https:\/\/corebe.org.ar\/web2022\/#\/schema\/logo\/image\/"}}]}},"_links":{"self":[{"href":"https:\/\/corebe.org.ar\/web2022\/wp-json\/wp\/v2\/pages\/25319","targetHints":{"allow":["GET"]}}],"collection":[{"href":"https:\/\/corebe.org.ar\/web2022\/wp-json\/wp\/v2\/pages"}],"about":[{"href":"https:\/\/corebe.org.ar\/web2022\/wp-json\/wp\/v2\/types\/page"}],"author":[{"embeddable":true,"href":"https:\/\/corebe.org.ar\/web2022\/wp-json\/wp\/v2\/users\/1"}],"replies":[{"embeddable":true,"href":"https:\/\/corebe.org.ar\/web2022\/wp-json\/wp\/v2\/comments?post=25319"}],"version-history":[{"count":9,"href":"https:\/\/corebe.org.ar\/web2022\/wp-json\/wp\/v2\/pages\/25319\/revisions"}],"predecessor-version":[{"id":25454,"href":"https:\/\/corebe.org.ar\/web2022\/wp-json\/wp\/v2\/pages\/25319\/revisions\/25454"}],"wp:attachment":[{"href":"https:\/\/corebe.org.ar\/web2022\/wp-json\/wp\/v2\/media?parent=25319"}],"curies":[{"name":"wp","href":"https:\/\/api.w.org\/{rel}","templated":true}]}}