{"id":25326,"date":"2022-05-31T15:32:56","date_gmt":"2022-05-31T15:32:56","guid":{"rendered":"https:\/\/corebe.org.ar.vxsct4609.avnam.net\/?page_id=25326"},"modified":"2022-08-19T13:42:49","modified_gmt":"2022-08-19T13:42:49","slug":"calidad-de-agua","status":"publish","type":"page","link":"https:\/\/corebe.org.ar\/web2022\/informacion-hidrologica\/calidad-de-agua\/","title":{"rendered":"Calidad de agua"},"content":{"rendered":"<p>[vc_row css=\u00bb.vc_custom_1648645086471{margin-top: 0px !important;margin-bottom: 0px !important;}\u00bb][vc_column]<div id=\"fullwidth-block-69f61838d107d\" class=\"fullwidth-block clearfix\"  style=\"background-color: #f0f3f2;padding-top: 40px;padding-bottom: 40px;\"><script type=\"text\/javascript\">if (typeof(gem_fix_fullwidth_position) == \"function\") { gem_fix_fullwidth_position(document.getElementById(\"fullwidth-block-69f61838d107d\")); }<\/script><div class=\"fullwidth-block-inner\"><div class=\"container\">[vc_column_text css_animation=\u00bbbottom-to-top\u00bb]<\/p>\n<h2 style=\"text-align: center;\"><span style=\"color: #367342;\">Calidad del <\/span><span class=\"light\"><span style=\"color: #a41709;\">agua<\/span><\/span><\/h2>\n<p>[\/vc_column_text]<div class=\"clearboth\"><\/div><div class=\"gem-divider \" style=\"margin-top: 40px;\"><\/div>[vc_column_text]Desde Mayo de 2000 la COREBE, como Secretar\u00eda Ejecutiva de la Comisi\u00f3n Binacional para el Desarrollo de la Alta Cuenca de los r\u00edos Bermejo y Grande de Tarija (COBINABE), trabaj\u00f3, conjuntamente con las provincias que integran la cuenca y con el Estado Plurinacional de Bolivia, en la implementaci\u00f3n del Programa Estrat\u00e9gico de Acci\u00f3n (PEA) cuyo principal objetivo fue promover el desarrollo sostenible de la cuenca binacional del r\u00edo Bermejo (i) incorporando las preocupaciones ambientales en las pol\u00edticas, planes y programas de desarrollo de las distintas jurisdicciones, (ii) instaurando una visi\u00f3n de cuenca y de manejo integrado de los recursos naturales, (iii) impulsando el establecimiento de mecanismos de articulaci\u00f3n y coordinaci\u00f3n regional y de participaci\u00f3n y consulta p\u00fablica, mediante (iv) la implementaci\u00f3n de programas, proyectos y acciones que (v) prevengan y solucionen el uso no sustentable y la degradaci\u00f3n ambiental de los recursos naturales y (vi) estimulen la adopci\u00f3n de pr\u00e1cticas de manejo sustentable de los recursos naturales, y (vii) la formulaci\u00f3n y desarrollo de un Plan de Desarrollo Sustentable y Manejo Integrado de los Recursos H\u00eddricos (PMIRH).<\/p>\n<p>Dentro del PEA, en el \u00c1rea Protecci\u00f3n y Rehabilitaci\u00f3n Ambiental, se encontraba la actividad \u201cSistema de Informaci\u00f3n para la Cuenca del R\u00edo Bermejo\u201d y uno de sus proyectos, m\u00e1s precisamente el Proyecto PEA C\u00f3digo PNUMA N\u00ba 2231 \u201cSistema Integral de Informaci\u00f3n Ambiental y Base de Datos de la Cuenca del R\u00edo Bermejo\u201d, contempl\u00f3 la \u201cCreaci\u00f3n e Implementaci\u00f3n de un sistema de monitoreo e informaci\u00f3n ambiental.<\/p>\n<p>A tal fin se dise\u00f1\u00f3 una Red de Monitoreo de Calidad del Agua con el fin de cumplimentar los siguientes objetivos:<br \/>\n\u2022 Permitir el seguimiento, control y preservaci\u00f3n de los usos priorizados del agua en los diferentes tramos del curso del r\u00edo Bermejo.<br \/>\n\u2022 Seleccionar las estaciones a lo largo del curso principal del r\u00edo que permitan el seguimiento sistem\u00e1tico de las variables elegidas para correlacionar su evoluci\u00f3n temporal y espacial con los aportes contaminantes de tipo antr\u00f3pico y naturales que se dan en la cuenca.<br \/>\n\u2022 Planificar las medidas de mitigaci\u00f3n de problemas de poluci\u00f3n detectados actualmente y los que en base a la informaci\u00f3n aportada por el Programa surjan, luego de un periodo m\u00ednimo de 1 a\u00f1o y puedan instrumentarse para lograr la preservaci\u00f3n de los usos del agua del r\u00edo.<br \/>\n\u2022 Evaluar la informaci\u00f3n de calidad aportada por la Red de Monitoreo y adecuar las frecuencias y\/o relocalizaciones de estaciones a fin de constatar el efecto de las medidas de mitigaci\u00f3n y mejoras en Plantas de tratamiento, canalizaci\u00f3n y\/ o mejoras en el cauce del r\u00edo, confirmar las tendencias en los niveles de poluci\u00f3n tanto en el \u00e1mbito temporal como espacial y su correlaci\u00f3n con aspectos hidrometeorol\u00f3gicos en toda la cuenca.<br \/>\n\u2022 Integrar de la informaci\u00f3n de Calidad de Agua con la derivada del Programa similar que atiende la tem\u00e1tica hidrometeorol\u00f3gica en la cuenca a fin de optimizar su manejo, evaluaci\u00f3n y an\u00e1lisis en un \u201cBanco de Datos\u201d como parte del Sistema de Informaci\u00f3n Ambiental de la Cuenca del R\u00edo Bermejo.<\/p>\n<p>Las estaciones de monitoreo se establecieron por consenso de las provincias y se consideran representativas de las condiciones locales a fin de evaluar el efecto de descargar puntuales y difusas y de aporte de contaminantes de origen dom\u00e9stico e industrial que puedan afectar la calidad del r\u00edo desde el punto de vista f\u00edsico, qu\u00edmico y microbiol\u00f3gico.[\/vc_column_text][vc_single_image image=\u00bb25327&#8243; img_size=\u00bbfull\u00bb][vc_column_text]La toma de muestras en las estaciones de muestreo de la Alta cuenca fue realizada por los laboratorios provinciales de Salta (estaciones N\u00ba 5, 6, 7, 8, 9 y 11) y Jujuy (estaciones N\u00ba 12, 14, 15, 17 y 22). En la baja cuenca las realizaron los laboratorios de Formosa y del Chaco en las estaciones N\u00ba 1, 2, 3, 4 y 21.<br \/>\nEn el\u00a0<strong><a href=\"https:\/\/corebe.org.ar\/web2022\/wp-content\/uploads\/2022\/06\/calidad-del-agua-anexo-1.pdf\" target=\"_blank\" rel=\"noopener\">Anexo I<\/a><\/strong>\u00a0se muestra un esquema de la ubicaci\u00f3n de las estaciones y sus respectivas coordenadas geogr\u00e1ficas. En el\u00a0<strong><a href=\"https:\/\/corebe.org.ar\/web2022\/wp-content\/uploads\/2022\/06\/calidad-del-agua-anexo-2.pdf\" target=\"_blank\" rel=\"noopener\">Anexo II<\/a><\/strong>\u00a0se detalla las caracter\u00edsticas de las estaciones de muestreo y las variables muestreadas en cada estaci\u00f3n.<\/p>\n<p>Desde mayo del 2000 a la fecha se han realizado una serie de muestreos de calidad del agua en la cuenca del r\u00edo Bermejo en diferentes fechas que muestran, a modo de instant\u00e1nea, la calidad del agua para la fecha de muestreo.<br \/>\nLas fechas en que se han realizado muestreos son:<\/p>\n<p>\u2022 Noviembre de 1998.<br \/>\n\u2022 Noviembre y Diciembre de 2002 \u2013 Enero de 2003.<br \/>\n\u2022 Julio y Octubre de 2008 .<br \/>\n\u2022 Enero de 2010 .[\/vc_column_text]<\/div><\/div><\/div>[\/vc_column][\/vc_row]<\/p>\n","protected":false},"excerpt":{"rendered":"<p>[vc_row css=\u00bb.vc_custom_1648645086471{margin-top: 0px !important;margin-bottom: 0px !important;}\u00bb][vc_column][\/vc_column][\/vc_row]<\/p>\n","protected":false},"author":1,"featured_media":0,"parent":25199,"menu_order":0,"comment_status":"closed","ping_status":"closed","template":"","meta":{"footnotes":""},"class_list":["post-25326","page","type-page","status-publish"],"yoast_head":"<!-- This site is optimized with the Yoast SEO plugin v19.6 - https:\/\/yoast.com\/wordpress\/plugins\/seo\/ -->\n<title>Calidad de agua | COREBE<\/title>\n<meta name=\"robots\" content=\"index, follow, max-snippet:-1, max-image-preview:large, max-video-preview:-1\" \/>\n<link rel=\"canonical\" href=\"https:\/\/corebe.org.ar\/web2022\/informacion-hidrologica\/calidad-de-agua\/\" \/>\n<meta property=\"og:locale\" content=\"es_ES\" \/>\n<meta property=\"og:type\" content=\"article\" \/>\n<meta property=\"og:title\" content=\"Calidad de agua | COREBE\" \/>\n<meta property=\"og:description\" content=\"[vc_row css=\u00bb.vc_custom_1648645086471{margin-top: 0px !important;margin-bottom: 0px !important;}\u00bb][vc_column][\/vc_column][\/vc_row]\" \/>\n<meta property=\"og:url\" content=\"https:\/\/corebe.org.ar\/web2022\/informacion-hidrologica\/calidad-de-agua\/\" \/>\n<meta property=\"og:site_name\" content=\"COREBE\" \/>\n<meta property=\"article:modified_time\" content=\"2022-08-19T13:42:49+00:00\" \/>\n<meta name=\"twitter:card\" content=\"summary_large_image\" \/>\n<meta name=\"twitter:site\" content=\"@COREBE_Bermejo\" \/>\n<meta name=\"twitter:label1\" content=\"Tiempo de lectura\" \/>\n\t<meta name=\"twitter:data1\" content=\"4 minutos\" \/>\n<script type=\"application\/ld+json\" class=\"yoast-schema-graph\">{\"@context\":\"https:\/\/schema.org\",\"@graph\":[{\"@type\":\"WebPage\",\"@id\":\"https:\/\/corebe.org.ar\/web2022\/informacion-hidrologica\/calidad-de-agua\/\",\"url\":\"https:\/\/corebe.org.ar\/web2022\/informacion-hidrologica\/calidad-de-agua\/\",\"name\":\"Calidad de agua | COREBE\",\"isPartOf\":{\"@id\":\"https:\/\/corebe.org.ar\/web2022\/#website\"},\"datePublished\":\"2022-05-31T15:32:56+00:00\",\"dateModified\":\"2022-08-19T13:42:49+00:00\",\"breadcrumb\":{\"@id\":\"https:\/\/corebe.org.ar\/web2022\/informacion-hidrologica\/calidad-de-agua\/#breadcrumb\"},\"inLanguage\":\"es\",\"potentialAction\":[{\"@type\":\"ReadAction\",\"target\":[\"https:\/\/corebe.org.ar\/web2022\/informacion-hidrologica\/calidad-de-agua\/\"]}]},{\"@type\":\"BreadcrumbList\",\"@id\":\"https:\/\/corebe.org.ar\/web2022\/informacion-hidrologica\/calidad-de-agua\/#breadcrumb\",\"itemListElement\":[{\"@type\":\"ListItem\",\"position\":1,\"name\":\"Portada\",\"item\":\"https:\/\/corebe.org.ar\/web2022\/\"},{\"@type\":\"ListItem\",\"position\":2,\"name\":\"Informaci\u00f3n hidrol\u00f3gica\",\"item\":\"https:\/\/corebe.org.ar\/web2022\/informacion-hidrologica\/\"},{\"@type\":\"ListItem\",\"position\":3,\"name\":\"Calidad de agua\"}]},{\"@type\":\"WebSite\",\"@id\":\"https:\/\/corebe.org.ar\/web2022\/#website\",\"url\":\"https:\/\/corebe.org.ar\/web2022\/\",\"name\":\"COREBE\",\"description\":\"Comisi\u00f3n Regional del R\u00edo Bermejo\",\"publisher\":{\"@id\":\"https:\/\/corebe.org.ar\/web2022\/#organization\"},\"potentialAction\":[{\"@type\":\"SearchAction\",\"target\":{\"@type\":\"EntryPoint\",\"urlTemplate\":\"https:\/\/corebe.org.ar\/web2022\/?s={search_term_string}\"},\"query-input\":\"required name=search_term_string\"}],\"inLanguage\":\"es\"},{\"@type\":\"Organization\",\"@id\":\"https:\/\/corebe.org.ar\/web2022\/#organization\",\"name\":\"COREBE\",\"url\":\"https:\/\/corebe.org.ar\/web2022\/\",\"sameAs\":[\"https:\/\/twitter.com\/COREBE_Bermejo\"],\"logo\":{\"@type\":\"ImageObject\",\"inLanguage\":\"es\",\"@id\":\"https:\/\/corebe.org.ar\/web2022\/#\/schema\/logo\/image\/\",\"url\":\"https:\/\/corebe.org.ar\/web2022\/wp-content\/uploads\/2022\/03\/corebe-logo-04.png\",\"contentUrl\":\"https:\/\/corebe.org.ar\/web2022\/wp-content\/uploads\/2022\/03\/corebe-logo-04.png\",\"width\":512,\"height\":512,\"caption\":\"COREBE\"},\"image\":{\"@id\":\"https:\/\/corebe.org.ar\/web2022\/#\/schema\/logo\/image\/\"}}]}<\/script>\n<!-- \/ Yoast SEO plugin. -->","yoast_head_json":{"title":"Calidad de agua | COREBE","robots":{"index":"index","follow":"follow","max-snippet":"max-snippet:-1","max-image-preview":"max-image-preview:large","max-video-preview":"max-video-preview:-1"},"canonical":"https:\/\/corebe.org.ar\/web2022\/informacion-hidrologica\/calidad-de-agua\/","og_locale":"es_ES","og_type":"article","og_title":"Calidad de agua | COREBE","og_description":"[vc_row css=\u00bb.vc_custom_1648645086471{margin-top: 0px !important;margin-bottom: 0px !important;}\u00bb][vc_column][\/vc_column][\/vc_row]","og_url":"https:\/\/corebe.org.ar\/web2022\/informacion-hidrologica\/calidad-de-agua\/","og_site_name":"COREBE","article_modified_time":"2022-08-19T13:42:49+00:00","twitter_card":"summary_large_image","twitter_site":"@COREBE_Bermejo","twitter_misc":{"Tiempo de lectura":"4 minutos"},"schema":{"@context":"https:\/\/schema.org","@graph":[{"@type":"WebPage","@id":"https:\/\/corebe.org.ar\/web2022\/informacion-hidrologica\/calidad-de-agua\/","url":"https:\/\/corebe.org.ar\/web2022\/informacion-hidrologica\/calidad-de-agua\/","name":"Calidad de agua | COREBE","isPartOf":{"@id":"https:\/\/corebe.org.ar\/web2022\/#website"},"datePublished":"2022-05-31T15:32:56+00:00","dateModified":"2022-08-19T13:42:49+00:00","breadcrumb":{"@id":"https:\/\/corebe.org.ar\/web2022\/informacion-hidrologica\/calidad-de-agua\/#breadcrumb"},"inLanguage":"es","potentialAction":[{"@type":"ReadAction","target":["https:\/\/corebe.org.ar\/web2022\/informacion-hidrologica\/calidad-de-agua\/"]}]},{"@type":"BreadcrumbList","@id":"https:\/\/corebe.org.ar\/web2022\/informacion-hidrologica\/calidad-de-agua\/#breadcrumb","itemListElement":[{"@type":"ListItem","position":1,"name":"Portada","item":"https:\/\/corebe.org.ar\/web2022\/"},{"@type":"ListItem","position":2,"name":"Informaci\u00f3n hidrol\u00f3gica","item":"https:\/\/corebe.org.ar\/web2022\/informacion-hidrologica\/"},{"@type":"ListItem","position":3,"name":"Calidad de agua"}]},{"@type":"WebSite","@id":"https:\/\/corebe.org.ar\/web2022\/#website","url":"https:\/\/corebe.org.ar\/web2022\/","name":"COREBE","description":"Comisi\u00f3n Regional del R\u00edo Bermejo","publisher":{"@id":"https:\/\/corebe.org.ar\/web2022\/#organization"},"potentialAction":[{"@type":"SearchAction","target":{"@type":"EntryPoint","urlTemplate":"https:\/\/corebe.org.ar\/web2022\/?s={search_term_string}"},"query-input":"required name=search_term_string"}],"inLanguage":"es"},{"@type":"Organization","@id":"https:\/\/corebe.org.ar\/web2022\/#organization","name":"COREBE","url":"https:\/\/corebe.org.ar\/web2022\/","sameAs":["https:\/\/twitter.com\/COREBE_Bermejo"],"logo":{"@type":"ImageObject","inLanguage":"es","@id":"https:\/\/corebe.org.ar\/web2022\/#\/schema\/logo\/image\/","url":"https:\/\/corebe.org.ar\/web2022\/wp-content\/uploads\/2022\/03\/corebe-logo-04.png","contentUrl":"https:\/\/corebe.org.ar\/web2022\/wp-content\/uploads\/2022\/03\/corebe-logo-04.png","width":512,"height":512,"caption":"COREBE"},"image":{"@id":"https:\/\/corebe.org.ar\/web2022\/#\/schema\/logo\/image\/"}}]}},"_links":{"self":[{"href":"https:\/\/corebe.org.ar\/web2022\/wp-json\/wp\/v2\/pages\/25326","targetHints":{"allow":["GET"]}}],"collection":[{"href":"https:\/\/corebe.org.ar\/web2022\/wp-json\/wp\/v2\/pages"}],"about":[{"href":"https:\/\/corebe.org.ar\/web2022\/wp-json\/wp\/v2\/types\/page"}],"author":[{"embeddable":true,"href":"https:\/\/corebe.org.ar\/web2022\/wp-json\/wp\/v2\/users\/1"}],"replies":[{"embeddable":true,"href":"https:\/\/corebe.org.ar\/web2022\/wp-json\/wp\/v2\/comments?post=25326"}],"version-history":[{"count":4,"href":"https:\/\/corebe.org.ar\/web2022\/wp-json\/wp\/v2\/pages\/25326\/revisions"}],"predecessor-version":[{"id":25457,"href":"https:\/\/corebe.org.ar\/web2022\/wp-json\/wp\/v2\/pages\/25326\/revisions\/25457"}],"up":[{"embeddable":true,"href":"https:\/\/corebe.org.ar\/web2022\/wp-json\/wp\/v2\/pages\/25199"}],"wp:attachment":[{"href":"https:\/\/corebe.org.ar\/web2022\/wp-json\/wp\/v2\/media?parent=25326"}],"curies":[{"name":"wp","href":"https:\/\/api.w.org\/{rel}","templated":true}]}}